{"id":155,"date":"2011-10-25T07:01:49","date_gmt":"2011-10-25T09:01:49","guid":{"rendered":"http:\/\/localhost\/freelance\/2011\/aws\/?page_id=155"},"modified":"2013-01-10T12:07:13","modified_gmt":"2013-01-10T14:07:13","slug":"e-mail-marketing","status":"publish","type":"page","link":"https:\/\/www.agenciadewebsites.com.br\/?page_id=155","title":{"rendered":"E-mail Marketing"},"content":{"rendered":"<div id=\"fb_share_1\" style=\"float: right; margin-left: 10px;\"><a name=\"fb_share\" type=\"box_count\" share_url=\"https:\/\/www.agenciadewebsites.com.br\/?page_id=155\" href=\"http:\/\/www.facebook.com\/sharer.php\">Share<\/a><\/div>\n<div><script src=\"http:\/\/static.ak.fbcdn.net\/connect.php\/js\/FB.Share\" type=\"text\/javascript\"><\/script><\/div>\n<div class=\"one_half\">\n<div class=\"dropcap\">A<\/div>\n<p> propaganda por email \u00e9 a principal ferramenta promocional da internet. Segundo pesquisa. \u00c9 a \u00fanica ferramenta contrat\u00e1vel que d\u00e1 resultado garantido j\u00e1 nas primeiras 24h de uso.\n<\/p><\/div>\n<div class=\"one_half last\">\n<div class=\"dropcap\">N<\/div>\n<p>osso trabalho \u00e9 trazer clientes para o seu neg\u00f3cio. Atrav\u00e9s do E-mail Marketing o seu retorno \u00e9 imediato. Portanto, fa\u00e7a logo o contato conosco e venha conferir os nossos pre\u00e7os. Forma de divulga\u00e7\u00e3o limpa, n\u00e3o polui o ambiente\n<\/p><\/div>\n<div class=\"clearboth\"><\/div>\n<blockquote><p>&#8220;O impacto \u00e9 impressionante, gra\u00e7as ao alto uso do e-mail por parte de todos os internautas. O e-mail ainda \u00e9 a ferramenta de uso n\u00famero um da rede, sendo a busca a n\u00famero dois.&#8221;<\/p><\/blockquote>\n<div>Baseado nisso a AWS em parceria com a H2imidia oferece os seguintes servi\u00e7os:<\/div>\n<div>\n<ul>\n<li>Mais de 120.000 e-mails de Montes Claros e regi\u00e3o<\/li>\n<li>E-mails ativos e filtrados<\/li>\n<li>Confer\u00eancia da mala direta pelo cliente<\/li>\n<li>M\u00eddia direcionada e e-mails encaminhados com nome do cliente<\/li>\n<li>Valoriza\u00e7\u00e3o e fixa\u00e7\u00e3o da sua marca<\/li>\n<li>Disparo r\u00e1pido das mensagens para toda a mainlist<\/li>\n<\/ul>\n<\/div>\n<div>\n<p>Segue alguns clientes:<\/p>\n<table style=\"width: 100%;\">\n<tbody>\n<tr>\n<td><img loading=\"lazy\" decoding=\"async\" style=\"margin-left: 20px;\" title=\"minasbrasil\" src=\"wp-content\/uploads\/2011\/10\/minasbrasil.jpg\" alt=\"Minas Brasil\" width=\"300\" height=\"78\" \/><\/td>\n<td><img loading=\"lazy\" decoding=\"async\" class=\"alignnone size-full wp-image-220\" title=\"dpil\" src=\"wp-content\/uploads\/2011\/10\/dpil.jpg\" alt=\"Dpil\" width=\"176\" height=\"73\" \/><\/td>\n<\/tr>\n<tr>\n<td><img loading=\"lazy\" decoding=\"async\" class=\"alignnone size-full wp-image-225\" style=\"margin-left: 20px; margin-top: 20px;\" title=\"sasazaki\" src=\"wp-content\/uploads\/2011\/10\/sasazaki.jpg\" alt=\"Sasazaki\" width=\"205\" height=\"60\" \/><\/td>\n<td><img loading=\"lazy\" decoding=\"async\" class=\"alignnone size-full wp-image-227\" style=\"margin-left: 20px; margin-top: 20px;\" title=\"refrigeracaobrasil\" src=\"wp-content\/uploads\/2011\/10\/refrigeracaobrasil.jpg\" alt=\"Refrigera\u00e7\u00e3o Brasil\" width=\"124\" height=\"73\" \/><\/td>\n<\/tr>\n<\/tbody>\n<\/table>\n<\/div>\n","protected":false},"excerpt":{"rendered":"<p>Share &#8220;O impacto \u00e9 impressionante, gra\u00e7as ao alto uso do e-mail por parte de todos os internautas. O e-mail ainda \u00e9 a ferramenta de uso n\u00famero um da rede, sendo a busca a n\u00famero dois.&#8221; Baseado nisso a AWS em parceria com a H2imidia oferece os seguintes servi\u00e7os: Mais de 120.000 e-mails de Montes Claros [&hellip;]<\/p>\n","protected":false},"author":1,"featured_media":0,"parent":0,"menu_order":6,"comment_status":"open","ping_status":"open","template":"","meta":{"footnotes":""},"_links":{"self":[{"href":"https:\/\/www.agenciadewebsites.com.br\/index.php?rest_route=\/wp\/v2\/pages\/155"}],"collection":[{"href":"https:\/\/www.agenciadewebsites.com.br\/index.php?rest_route=\/wp\/v2\/pages"}],"about":[{"href":"https:\/\/www.agenciadewebsites.com.br\/index.php?rest_route=\/wp\/v2\/types\/page"}],"author":[{"embeddable":true,"href":"https:\/\/www.agenciadewebsites.com.br\/index.php?rest_route=\/wp\/v2\/users\/1"}],"replies":[{"embeddable":true,"href":"https:\/\/www.agenciadewebsites.com.br\/index.php?rest_route=%2Fwp%2Fv2%2Fcomments&post=155"}],"version-history":[{"count":47,"href":"https:\/\/www.agenciadewebsites.com.br\/index.php?rest_route=\/wp\/v2\/pages\/155\/revisions"}],"predecessor-version":[{"id":514,"href":"https:\/\/www.agenciadewebsites.com.br\/index.php?rest_route=\/wp\/v2\/pages\/155\/revisions\/514"}],"wp:attachment":[{"href":"https:\/\/www.agenciadewebsites.com.br\/index.php?rest_route=%2Fwp%2Fv2%2Fmedia&parent=155"}],"curies":[{"name":"wp","href":"https:\/\/api.w.org\/{rel}","templated":true}]}}