{"id":12,"date":"2011-10-19T09:35:10","date_gmt":"2011-10-19T11:35:10","guid":{"rendered":"http:\/\/localhost\/freelance\/2011\/aws\/?page_id=12"},"modified":"2011-10-19T09:44:32","modified_gmt":"2011-10-19T11:44:32","slug":"a-empresa","status":"publish","type":"page","link":"https:\/\/www.agenciadewebsites.com.br\/?page_id=12","title":{"rendered":"A Empresa"},"content":{"rendered":"<div id=\"fb_share_1\" style=\"float: right; margin-left: 10px;\"><a name=\"fb_share\" type=\"box_count\" share_url=\"https:\/\/www.agenciadewebsites.com.br\/?page_id=12\" href=\"http:\/\/www.facebook.com\/sharer.php\">Share<\/a><\/div>\n<div><script src=\"http:\/\/static.ak.fbcdn.net\/connect.php\/js\/FB.Share\" type=\"text\/javascript\"><\/script><\/div>\n<p><strong>Somos uma Ag\u00eancia de Websites<\/strong> em Montes Claros &#8211; Minas Gerais. Oferecemos desde a cria\u00e7\u00e3o de sites, passando pelo gerenciamento at\u00e9 a integra\u00e7\u00e3o de sistemas de internet.<\/p>\n<p><strong>\u00c1REA DE ATUA\u00c7\u00c3O DE NOSSA EMPRESA<\/strong><\/p>\n<p>&#8211; Webdesign &#8211; Cria\u00e7\u00e3o de Sites<br \/>\n&#8211; Consultoria em integra\u00e7\u00e3o a Web<br \/>\n&#8211; Desenvolvimento de sistemas Web<br \/>\n&#8211; Solu\u00e7\u00f5es em com\u00e9rcio eletr\u00f4nico<br \/>\n&#8211; Webhosting &#8211; Hospedagem de Sites<br \/>\n&#8211; Aux\u00edlio ao registro e reserva de dom\u00ednios<br \/>\n&#8211; Manuten\u00e7\u00e3o de sites &#8211; Atualiza\u00e7\u00e3o de noticias de portais e Sistema Web.<\/p>\n<p><strong>CRIA\u00c7\u00c3O DE SITES &#8211; COLOQUE SUA EMPRESA NA INTERNET<\/strong><\/p>\n<p>A cria\u00e7\u00e3o de um site \u00e9 um processo fundamental para a entrada na internet. Este processo deve ser cuidadoso e elaborado para que todas as informa\u00e7\u00f5es mais importantes estejam dispon\u00edveis para o cliente.<\/p>\n<p>Muitas empresas j\u00e1 tiveram experi\u00eancias negativas na hora de criar um site, mas aqui o objetivo \u00e9 a satisfa\u00e7\u00e3o. A AWS disponibiliza uma ferramenta de cria\u00e7\u00e3o de sites, extremamente eficiente, objetiva e muito r\u00e1pida que ir\u00e1 surpreender qualquer expectativa.<\/p>\n<h4>NOSSA METODOLOGIA DE TRABALHO<\/h4>\n<p><strong>Gratuitamente &#8211; Sem Compromisso<\/strong><\/p>\n<p>1\u00ba) Recolhemos o Briefing (coleta de dados passadas em uma reuni\u00e3o para o desenvolvimento do site ou sistema)<br \/>\n2\u00ba) Auxiliamos no registro do dom\u00ednio e hospedagem<br \/>\n3\u00ba) Criamos um layout e apresentamos ao cliente (se for necess\u00e1rio, refazemos at\u00e9 chegarmos a um layout definitivo)<br \/>\n4\u00ba) Apresentamos a proposta de desenvolvimento<\/p>\n<p><strong>Cobramos, apenas pelo:<\/strong><\/p>\n<p>5\u00ba) Desenvolvimento do Site<br \/>\n6\u00ba) Hospedagem (se o site for hospedados nos nossos servidores)<br \/>\n7\u00ba) Manuten\u00e7\u00e3o do Site (se o cliente achar necess\u00e1rio, ap\u00f3s os 6 meses de cria\u00e7\u00e3o do site)<\/p>\n<p><strong>Gratuitamente &#8211; ap\u00f3s finalizar<\/strong><\/p>\n<p>8\u00ba) Treinamento<br \/>\n9\u00ba) Suporte durante os 6 primeiros meses<\/p>\n","protected":false},"excerpt":{"rendered":"<p>Share Somos uma Ag\u00eancia de Websites em Montes Claros &#8211; Minas Gerais. Oferecemos desde a cria\u00e7\u00e3o de sites, passando pelo gerenciamento at\u00e9 a integra\u00e7\u00e3o de sistemas de internet. \u00c1REA DE ATUA\u00c7\u00c3O DE NOSSA EMPRESA &#8211; Webdesign &#8211; Cria\u00e7\u00e3o de Sites &#8211; Consultoria em integra\u00e7\u00e3o a Web &#8211; Desenvolvimento de sistemas Web &#8211; Solu\u00e7\u00f5es em com\u00e9rcio [&hellip;]<\/p>\n","protected":false},"author":1,"featured_media":0,"parent":0,"menu_order":2,"comment_status":"closed","ping_status":"closed","template":"","meta":{"footnotes":""},"_links":{"self":[{"href":"https:\/\/www.agenciadewebsites.com.br\/index.php?rest_route=\/wp\/v2\/pages\/12"}],"collection":[{"href":"https:\/\/www.agenciadewebsites.com.br\/index.php?rest_route=\/wp\/v2\/pages"}],"about":[{"href":"https:\/\/www.agenciadewebsites.com.br\/index.php?rest_route=\/wp\/v2\/types\/page"}],"author":[{"embeddable":true,"href":"https:\/\/www.agenciadewebsites.com.br\/index.php?rest_route=\/wp\/v2\/users\/1"}],"replies":[{"embeddable":true,"href":"https:\/\/www.agenciadewebsites.com.br\/index.php?rest_route=%2Fwp%2Fv2%2Fcomments&post=12"}],"version-history":[{"count":10,"href":"https:\/\/www.agenciadewebsites.com.br\/index.php?rest_route=\/wp\/v2\/pages\/12\/revisions"}],"predecessor-version":[{"id":22,"href":"https:\/\/www.agenciadewebsites.com.br\/index.php?rest_route=\/wp\/v2\/pages\/12\/revisions\/22"}],"wp:attachment":[{"href":"https:\/\/www.agenciadewebsites.com.br\/index.php?rest_route=%2Fwp%2Fv2%2Fmedia&parent=12"}],"curies":[{"name":"wp","href":"https:\/\/api.w.org\/{rel}","templated":true}]}}